{"id":241,"date":"2018-11-07T14:38:15","date_gmt":"2018-11-07T14:38:15","guid":{"rendered":"http:\/\/guten-blog.cmsmasters.net\/?page_id=241"},"modified":"2020-01-29T09:20:26","modified_gmt":"2020-01-29T09:20:26","slug":"about-us","status":"publish","type":"page","link":"https:\/\/humuspuglia.it\/?page_id=241","title":{"rendered":"Chi Siamo"},"content":{"rendered":"\n<div class=\"ghostkit-grid ghostkit-grid-gap-md ghostkit-custom-1hp65y\">\n<div class=\"ghostkit-col ghostkit-col-md-12 ghostkit-col-6 ghostkit-col-md-12 ghostkit-col-6 ghostkit-col-md-12 ghostkit-col-6 ghostkit-col-md-12 ghostkit-col-6 ghostkit-col-md-12 ghostkit-col-6 ghostkit-col-md-12 ghostkit-col-6 ghostkit-col-md-12 ghostkit-col-6\"><div class=\"ghostkit-col-content\">\n<div class=\"wp-block-image is-style-default\"><figure class=\"aligncenter size-large\"><img loading=\"lazy\" width=\"1024\" height=\"682\" src=\"https:\/\/humuspuglia.it\/wp-content\/uploads\/2020\/01\/Fields_Sunrises_and_sunsets_Tractor_525805_1280x853-1024x682.jpg\" alt=\"\" class=\"wp-image-14103\" srcset=\"https:\/\/humuspuglia.it\/wp-content\/uploads\/2020\/01\/Fields_Sunrises_and_sunsets_Tractor_525805_1280x853-1024x682.jpg 1024w, https:\/\/humuspuglia.it\/wp-content\/uploads\/2020\/01\/Fields_Sunrises_and_sunsets_Tractor_525805_1280x853-300x200.jpg 300w, https:\/\/humuspuglia.it\/wp-content\/uploads\/2020\/01\/Fields_Sunrises_and_sunsets_Tractor_525805_1280x853-768x512.jpg 768w, https:\/\/humuspuglia.it\/wp-content\/uploads\/2020\/01\/Fields_Sunrises_and_sunsets_Tractor_525805_1280x853-500x333.jpg 500w, https:\/\/humuspuglia.it\/wp-content\/uploads\/2020\/01\/Fields_Sunrises_and_sunsets_Tractor_525805_1280x853-800x533.jpg 800w, https:\/\/humuspuglia.it\/wp-content\/uploads\/2020\/01\/Fields_Sunrises_and_sunsets_Tractor_525805_1280x853-580x387.jpg 580w, https:\/\/humuspuglia.it\/wp-content\/uploads\/2020\/01\/Fields_Sunrises_and_sunsets_Tractor_525805_1280x853-860x573.jpg 860w, https:\/\/humuspuglia.it\/wp-content\/uploads\/2020\/01\/Fields_Sunrises_and_sunsets_Tractor_525805_1280x853-1160x773.jpg 1160w, https:\/\/humuspuglia.it\/wp-content\/uploads\/2020\/01\/Fields_Sunrises_and_sunsets_Tractor_525805_1280x853.jpg 1280w\" sizes=\"(max-width: 1024px) 100vw, 1024px\" \/><\/figure><\/div>\n<\/div><\/div>\n\n\n\n<div class=\"ghostkit-col ghostkit-col-md-12 ghostkit-col-6 ghostkit-custom-Z5DbUe\"><div class=\"ghostkit-col-content\">\n<h2 class=\"ghostkit-custom-Z2vq7d8\">Cos&#8217;\u00e8 Humus Puglia<\/h2>\n\n\n\n<p>Il progetto HUMUS PUGLIA prende spunto dalla grande crescita del numero di operatori biologici registrata in Puglia a seguito dell&#8217;adesione alla misura 11 del PSR Puglia 2014-2020, crescita che ha creato una forte domanda di formazione e informazione specifica nel settore.   <\/p>\n<\/div><\/div>\n<\/div>\n\n\n\n<h2 class=\"has-text-align-center ghostkit-custom-ZtbudC\">Capacit\u00e0 di monitoraggio e di verifica<\/h2>\n\n\n\n<p class=\"has-text-align-center\">BIOLITALIA\nadotter\u00e0 una strategia di monitoraggio e verifica che sar\u00e0\naccompagnata da un\u2019attenta e continua valutazione sull&#8217;andamento\ndel progetto al fine di adottare le iniziative e i correttivi\nnecessari per il pieno raggiungimento degli obiettivi del progetto.\nTale strategia sar\u00e0 basata sull&#8217;uso d\u2019indicatori di realizzazione,\ndi efficacia e di efficienza. I partecipanti agli eventi informativi\nsi registreranno sull\u2019apposito registro dove indicheranno nome\ncognome e qualifica Gli indicatori di realizzazione sono quelli\nrelativi al numero di iniziative e di incontri effettivamente\nrealizzati in presenza di pubblico. La presenza del pubblico sar\u00e0\nregistrata, come per tutti gli incontri, sulla base di apposito\nregistro di presenza. \n<\/p>\n\n\n\n<p class=\"has-text-align-center\">In\ncaso di assenza di pubblico, la stessa sar\u00e0 rinviata colmando le\nlacune informative che hanno creato l&#8217;insuccesso. In caso\nd\u2019insuccesso ripetuto, l&#8217;iniziativa sar\u00e0 spostata in altra sede\ndella stessa provincia previa autorizzazione della Regione. Gli\nindicatori di efficacia consistono nell&#8217;indicare il numero dei\npartecipanti e il gradimento che essi hanno dimostrato al termine\ndell&#8217;incontro, tramite la compilazione di un semplice questionario di\ngradimento. In caso di scarso gradimento il relatore sar\u00e0 invitato a\nindividuarne le motivazioni e ad adottare le necessarie modifiche per\ngli appuntamenti successivi. Gli indicatori di efficienza riguardo il\nnumero di contatti ed e-mail ricevuta sulla email del sito di\nprogetto e le relative registrazioni avute per garantire l&#8217;accesso ai\ncontenuti riservati. L&#8217;indicatore pi\u00f9 importante sar\u00e0 comunque il\nnumero di addetti e imprenditori che avranno aderito al network HUMUS\nPUGLIA, anche semplicemente registrandosi sul sito di progetto. Per\ngarantire un adeguato monitoraggio, il responsabile del progetto\nprovveder\u00e0 a raccogliere i risultati dell&#8217;azione di monitoraggio\neffettuata e a sottoporla ad una riunione allargata al comitato\ntecnico scientifico e al comitato di pilotaggio. Tale riunione si\neffettuer\u00e0 almeno 4 volte nel corso del progetto a distanza di tre\nmesi l&#8217;una dall&#8217;altra: una all&#8217;inizio del progetto, due in itinere e\nuna alla fine del progetto per la valutazione complessiva dei\nrisultati.<\/p>\n\n\n<style id=\"kb-spacer_b92c7a-d4\">.wp-block-kadence-spacer.kt-block-spacer-_b92c7a-d4 .kt-block-spacer{height:51px;}.wp-block-kadence-spacer.kt-block-spacer-_b92c7a-d4 .kt-divider{border-top-width:6px;border-top-color:#CDED99;width:35%;}<\/style>\n<div class=\"wp-block-kadence-spacer aligncenter kt-block-spacer-_b92c7a-d4\"><div class=\"kt-block-spacer kt-block-spacer-halign-center\" style=\"height:51px\"><hr class=\"kt-divider\" style=\"border-top-color:rgba(205, 237, 153, 1);border-top-width:6px;width:35%;border-top-style:solid\"\/><\/div><\/div>\n\n\n\n<div class=\"ghostkit-grid ghostkit-grid-gap-md ghostkit-custom-Z26zFr0\">\n<div class=\"ghostkit-col ghostkit-col-md-12 ghostkit-col-6 ghostkit-custom-1Qz7VF\"><div class=\"ghostkit-col-content\">\n<h2 class=\"ghostkit-custom-ZcXiGL\">Obiettivi<\/h2>\n\n\n\n<p>In questo ambito, il progetto intende rivolgersi agli agricoltori che hanno gi\u00e0 aderito a questi regimi di qualit\u00e0 o intendono farlo in un prossimo futuro per informarli e sostenerli nella scelta di tecniche innovative che esaltino le prestazioni dell&#8217;agricoltura sotto l&#8217;aspetto dei servizi ecologici e sociali che possono svolgere, con particolare riferimento alla corretta gestione dei suoli e all&#8217;uso corretto della risorsa idrica.  <\/p>\n<\/div><\/div>\n\n\n\n<div class=\"ghostkit-col ghostkit-col-md-12 ghostkit-col-6 ghostkit-col-md-12 ghostkit-col-6 ghostkit-col-md-12 ghostkit-col-6 ghostkit-col-md-12 ghostkit-col-6 ghostkit-col-md-12 ghostkit-col-6 ghostkit-col-md-12 ghostkit-col-6 ghostkit-col-md-12 ghostkit-col-6\"><div class=\"ghostkit-col-content\">\n<div class=\"wp-block-image\"><figure class=\"aligncenter size-large\"><img loading=\"lazy\" width=\"921\" height=\"1024\" src=\"https:\/\/humuspuglia.it\/wp-content\/uploads\/2020\/01\/agricoltura-finanziamento-GAL-appennino-aretino-603030-1-921x1024.jpg\" alt=\"\" class=\"wp-image-14128\" srcset=\"https:\/\/humuspuglia.it\/wp-content\/uploads\/2020\/01\/agricoltura-finanziamento-GAL-appennino-aretino-603030-1-921x1024.jpg 921w, https:\/\/humuspuglia.it\/wp-content\/uploads\/2020\/01\/agricoltura-finanziamento-GAL-appennino-aretino-603030-1-270x300.jpg 270w, https:\/\/humuspuglia.it\/wp-content\/uploads\/2020\/01\/agricoltura-finanziamento-GAL-appennino-aretino-603030-1-768x854.jpg 768w, https:\/\/humuspuglia.it\/wp-content\/uploads\/2020\/01\/agricoltura-finanziamento-GAL-appennino-aretino-603030-1-450x500.jpg 450w, https:\/\/humuspuglia.it\/wp-content\/uploads\/2020\/01\/agricoltura-finanziamento-GAL-appennino-aretino-603030-1-720x800.jpg 720w, https:\/\/humuspuglia.it\/wp-content\/uploads\/2020\/01\/agricoltura-finanziamento-GAL-appennino-aretino-603030-1-1152x1280.jpg 1152w, https:\/\/humuspuglia.it\/wp-content\/uploads\/2020\/01\/agricoltura-finanziamento-GAL-appennino-aretino-603030-1-500x556.jpg 500w, https:\/\/humuspuglia.it\/wp-content\/uploads\/2020\/01\/agricoltura-finanziamento-GAL-appennino-aretino-603030-1-800x889.jpg 800w, https:\/\/humuspuglia.it\/wp-content\/uploads\/2020\/01\/agricoltura-finanziamento-GAL-appennino-aretino-603030-1-1280x1423.jpg 1280w, https:\/\/humuspuglia.it\/wp-content\/uploads\/2020\/01\/agricoltura-finanziamento-GAL-appennino-aretino-603030-1-580x645.jpg 580w, https:\/\/humuspuglia.it\/wp-content\/uploads\/2020\/01\/agricoltura-finanziamento-GAL-appennino-aretino-603030-1-860x956.jpg 860w, https:\/\/humuspuglia.it\/wp-content\/uploads\/2020\/01\/agricoltura-finanziamento-GAL-appennino-aretino-603030-1-1160x1289.jpg 1160w, https:\/\/humuspuglia.it\/wp-content\/uploads\/2020\/01\/agricoltura-finanziamento-GAL-appennino-aretino-603030-1-1320x1467.jpg 1320w, https:\/\/humuspuglia.it\/wp-content\/uploads\/2020\/01\/agricoltura-finanziamento-GAL-appennino-aretino-603030-1.jpg 1338w\" sizes=\"(max-width: 921px) 100vw, 921px\" \/><\/figure><\/div>\n<\/div><\/div>\n<\/div>\n\n\n<style id=\"kb-spacer_f20439-80\">.wp-block-kadence-spacer.kt-block-spacer-_f20439-80 .kt-block-spacer{height:51px;}.wp-block-kadence-spacer.kt-block-spacer-_f20439-80 .kt-divider{border-top-width:6px;border-top-color:#CDED99;width:35%;}<\/style>\n<div class=\"wp-block-kadence-spacer aligncenter kt-block-spacer-_f20439-80\"><div class=\"kt-block-spacer kt-block-spacer-halign-center\" style=\"height:51px\"><hr class=\"kt-divider\" style=\"border-top-color:rgba(205, 237, 153, 1);border-top-width:6px;width:35%;border-top-style:solid\"\/><\/div><\/div>\n\n\n<style id=\"kb-spacer_92491e-ee\">.wp-block-kadence-spacer.kt-block-spacer-_92491e-ee .kt-block-spacer{height:51px;}.wp-block-kadence-spacer.kt-block-spacer-_92491e-ee .kt-divider{border-top-width:6px;border-top-color:#FFFFFF;width:35%;}<\/style>\n<div class=\"wp-block-kadence-spacer aligncenter kt-block-spacer-_92491e-ee\"><div class=\"kt-block-spacer kt-block-spacer-halign-center\" style=\"height:51px\"><hr class=\"kt-divider\" style=\"border-top-color:rgba(255, 255, 255, 1);border-top-width:6px;width:35%;border-top-style:solid\"\/><\/div><\/div>\n\n\n\n<div class=\"ghostkit-grid ghostkit-grid-gap-md\">\n<div class=\"ghostkit-col ghostkit-col-md-12 ghostkit-col-6 ghostkit-col-md-12 ghostkit-col-6 ghostkit-col-md-12 ghostkit-col-6 ghostkit-col-md-12 ghostkit-col-6 ghostkit-col-md-12 ghostkit-col-6 ghostkit-col-md-12 ghostkit-col-6 ghostkit-col-md-12 ghostkit-col-6\"><div class=\"ghostkit-col-content\">\n<p class=\"ghostkit-custom-20z6CG\"><strong>Iscriviti alla Newsletter<\/strong><\/p>\n\n\n  \n  \n  <div class=\"\n    mailpoet_form_popup_overlay\n      \"><\/div>\n  <div\n    id=\"mailpoet_form_1\"\n    class=\"\n      mailpoet_form\n      mailpoet_form_shortcode\n      mailpoet_form_position_\n      mailpoet_form_animation_\n    \"\n      >\n    \n    <style type=\"text\/css\">\n     #mailpoet_form_1 .mailpoet_form {  }\n#mailpoet_form_1 .mailpoet_paragraph { line-height: 20px; }\n#mailpoet_form_1 .mailpoet_segment_label, #mailpoet_form_1 .mailpoet_text_label, #mailpoet_form_1 .mailpoet_textarea_label, #mailpoet_form_1 .mailpoet_select_label, #mailpoet_form_1 .mailpoet_radio_label, #mailpoet_form_1 .mailpoet_checkbox_label, #mailpoet_form_1 .mailpoet_list_label, #mailpoet_form_1 .mailpoet_date_label { display: block; font-weight: normal; }\n#mailpoet_form_1 .mailpoet_text, #mailpoet_form_1 .mailpoet_textarea, #mailpoet_form_1 .mailpoet_select, #mailpoet_form_1 .mailpoet_date_month, #mailpoet_form_1 .mailpoet_date_day, #mailpoet_form_1 .mailpoet_date_year, #mailpoet_form_1 .mailpoet_date { display: block; }\n#mailpoet_form_1 .mailpoet_text, #mailpoet_form_1 .mailpoet_textarea { width: 100%; }\n#mailpoet_form_1 .mailpoet_checkbox {  }\n#mailpoet_form_1 .mailpoet_submit input {  }\n#mailpoet_form_1 .mailpoet_divider {  }\n#mailpoet_form_1 .mailpoet_message {  }\n#mailpoet_form_1 .mailpoet_validate_success { font-weight: 600; color: #468847; }\n#mailpoet_form_1 .mailpoet_validate_error { color: #b94a48; }\n#mailpoet_form_1 .mailpoet_form_loading { width: 30px; text-align: center; line-height: normal; }\n#mailpoet_form_1 .mailpoet_form_loading > span { width: 5px; height: 5px; background-color: #5b5b5b; }#mailpoet_form_1{;}#mailpoet_form_1 .mailpoet_message {margin: 0; padding: 0 20px;}#mailpoet_form_1 .mailpoet_paragraph.last {margin-bottom: 0} @media (max-width: 500px) {#mailpoet_form_1 {background-image: none;}} @media (min-width: 500px) {#mailpoet_form_1 .last .mailpoet_paragraph:last-child {margin-bottom: 0}}  @media (max-width: 500px) {#mailpoet_form_1 .mailpoet_form_column:last-child .mailpoet_paragraph:last-child {margin-bottom: 0}} \n    <\/style>\n\n    <form\n      target=\"_self\"\n      method=\"post\"\n      action=\"https:\/\/humuspuglia.it\/wp-admin\/admin-post.php?action=mailpoet_subscription_form\"\n      class=\"mailpoet_form mailpoet_form_form mailpoet_form_shortcode\"\n      novalidate\n      data-delay=\"\"\n      data-exit-intent-enabled=\"\"\n      data-font-family=\"\"\n      data-cookie-expiration-time=\"\"\n    >\n      <input type=\"hidden\" name=\"data[form_id]\" value=\"1\" \/>\n      <input type=\"hidden\" name=\"token\" value=\"fe986c69d2\" \/>\n      <input type=\"hidden\" name=\"api_version\" value=\"v1\" \/>\n      <input type=\"hidden\" name=\"endpoint\" value=\"subscribers\" \/>\n      <input type=\"hidden\" name=\"mailpoet_method\" value=\"subscribe\" \/>\n\n      <label class=\"mailpoet_hp_email_label\" style=\"display: none !important;\">Lascia questo campo vuoto<input type=\"email\" name=\"data[email]\"\/><\/label><div class=\"mailpoet_paragraph\"><label for=\"form_first_name_1\" class=\"mailpoet_text_label\" data-automation-id=\"form_first_name_label\" >Nome<\/label><input type=\"text\" autocomplete=\"given-name\" class=\"mailpoet_text\" id=\"form_first_name_1\" name=\"data[form_field_YWY1MGMzODE5ZmRhX2ZpcnN0X25hbWU=]\" title=\"Nome\" value=\"\" data-automation-id=\"form_first_name\" data-parsley-names='[&quot;Specifica un nome valido.&quot;,&quot;Gli indirizzi nei nomi non sono ammessi: per favore, aggiungi il tuo nome.&quot;]'\/><\/div>\n<div class=\"mailpoet_paragraph\"><label for=\"form_email_1\" class=\"mailpoet_text_label\" data-automation-id=\"form_email_label\" >Email <span class=\"mailpoet_required\">*<\/span><\/label><input type=\"email\" autocomplete=\"email\" class=\"mailpoet_text\" id=\"form_email_1\" name=\"data[form_field_ZDdhNmVhYzE3Y2VhX2VtYWls]\" title=\"Email\" value=\"\" data-automation-id=\"form_email\" data-parsley-required=\"true\" data-parsley-minlength=\"6\" data-parsley-maxlength=\"150\" data-parsley-type-message=\"Questo valore dovrebbe essere un indirizzo email valido.\" data-parsley-errors-container=\".mailpoet_error_email_\" data-parsley-required-message=\"Questo campo \u00e8 obbligatorio.\"\/><\/div>\n<div class=\"mailpoet_paragraph\"><input type=\"submit\" class=\"mailpoet_submit\" value=\"Iscriviti\" data-automation-id=\"subscribe-submit-button\" style=\"border-color:transparent;\" \/><span class=\"mailpoet_form_loading\"><span class=\"mailpoet_bounce1\"><\/span><span class=\"mailpoet_bounce2\"><\/span><span class=\"mailpoet_bounce3\"><\/span><\/span><\/div>\n\n      <div class=\"mailpoet_message\">\n        <p class=\"mailpoet_validate_success\"\n                style=\"display:none;\"\n                >Controlla la tua casella di posta o la cartella spam per confermare la tua iscrizione\n        <\/p>\n        <p class=\"mailpoet_validate_error\"\n                style=\"display:none;\"\n                >        <\/p>\n      <\/div>\n    <\/form>\n  <\/div>\n\n  \n<\/div><\/div>\n\n\n\n<div class=\"ghostkit-col ghostkit-col-md-12 ghostkit-col-6 ghostkit-col-md-12 ghostkit-col-6 ghostkit-col-md-12 ghostkit-col-6 ghostkit-col-md-12 ghostkit-col-6 ghostkit-col-md-12 ghostkit-col-6 ghostkit-col-md-12 ghostkit-col-6 ghostkit-col-md-12 ghostkit-col-6\"><div class=\"ghostkit-col-content\">\n<figure class=\"wp-block-image size-large\"><img loading=\"lazy\" width=\"986\" height=\"657\" src=\"https:\/\/humuspuglia.it\/wp-content\/uploads\/2020\/01\/trattore.jpg\" alt=\"\" class=\"wp-image-4552\" srcset=\"https:\/\/humuspuglia.it\/wp-content\/uploads\/2020\/01\/trattore.jpg 986w, https:\/\/humuspuglia.it\/wp-content\/uploads\/2020\/01\/trattore-300x200.jpg 300w, https:\/\/humuspuglia.it\/wp-content\/uploads\/2020\/01\/trattore-768x512.jpg 768w, https:\/\/humuspuglia.it\/wp-content\/uploads\/2020\/01\/trattore-500x333.jpg 500w, https:\/\/humuspuglia.it\/wp-content\/uploads\/2020\/01\/trattore-800x533.jpg 800w, https:\/\/humuspuglia.it\/wp-content\/uploads\/2020\/01\/trattore-580x386.jpg 580w, https:\/\/humuspuglia.it\/wp-content\/uploads\/2020\/01\/trattore-860x573.jpg 860w\" sizes=\"(max-width: 986px) 100vw, 986px\" \/><\/figure>\n<\/div><\/div>\n<\/div>\n\n\n<style id=\"kb-spacer_9c5272-42\">.wp-block-kadence-spacer.kt-block-spacer-_9c5272-42 .kt-divider{width:80%;}<\/style>\n<div class=\"wp-block-kadence-spacer aligncenter kt-block-spacer-_9c5272-42\"><div class=\"kt-block-spacer kt-block-spacer-halign-center\" style=\"height:60px\"><\/div><\/div>\n","protected":false},"excerpt":{"rendered":"<p>Capacit\u00e0 di monitoraggio e di verifica BIOLITALIA adotter\u00e0 una strategia di monitoraggio e verifica che sar\u00e0 accompagnata da un\u2019attenta e continua valutazione sull&#8217;andamento del progetto al fine di adottare le iniziative e i correttivi necessari per il pieno raggiungimento degli obiettivi del progetto. Tale strategia sar\u00e0 basata sull&#8217;uso d\u2019indicatori di realizzazione, di efficacia e di&#8230;<\/p>\n","protected":false},"author":3,"featured_media":0,"parent":0,"menu_order":0,"comment_status":"closed","ping_status":"closed","template":"","meta":{"ghostkit_customizer_options":"","ghostkit_custom_css":".cmsmasters_count_custom .ghostkit-counter-box .ghostkit-counter-box-number:after {\n    background-color: #fff;\n}","ghostkit_custom_js_head":"","ghostkit_custom_js_foot":"","ghostkit_typography":"","_vp_format_video_url":"","_vp_image_focal_point":[]},"yoast_head":"<!-- This site is optimized with the Yoast SEO plugin v19.9 - https:\/\/yoast.com\/wordpress\/plugins\/seo\/ -->\n<title>Chi Siamo - Humus Puglia<\/title>\n<meta name=\"robots\" content=\"index, follow, max-snippet:-1, max-image-preview:large, max-video-preview:-1\" \/>\n<link rel=\"canonical\" href=\"https:\/\/humuspuglia.it\/?page_id=241\" \/>\n<meta property=\"og:locale\" content=\"it_IT\" \/>\n<meta property=\"og:type\" content=\"article\" \/>\n<meta property=\"og:title\" content=\"Chi Siamo - Humus Puglia\" \/>\n<meta property=\"og:description\" content=\"Capacit\u00e0 di monitoraggio e di verifica BIOLITALIA adotter\u00e0 una strategia di monitoraggio e verifica che sar\u00e0 accompagnata da un\u2019attenta e continua valutazione sull&#8217;andamento del progetto al fine di adottare le iniziative e i correttivi necessari per il pieno raggiungimento degli obiettivi del progetto. Tale strategia sar\u00e0 basata sull&#8217;uso d\u2019indicatori di realizzazione, di efficacia e di...\" \/>\n<meta property=\"og:url\" content=\"https:\/\/humuspuglia.it\/?page_id=241\" \/>\n<meta property=\"og:site_name\" content=\"Humus Puglia\" \/>\n<meta property=\"article:modified_time\" content=\"2020-01-29T09:20:26+00:00\" \/>\n<meta property=\"og:image\" content=\"https:\/\/humuspuglia.it\/wp-content\/uploads\/2020\/01\/Fields_Sunrises_and_sunsets_Tractor_525805_1280x853-1024x682.jpg\" \/>\n<meta name=\"twitter:card\" content=\"summary_large_image\" \/>\n<meta name=\"twitter:label1\" content=\"Tempo di lettura stimato\" \/>\n\t<meta name=\"twitter:data1\" content=\"2 minuti\" \/>\n<script type=\"application\/ld+json\" class=\"yoast-schema-graph\">{\"@context\":\"https:\/\/schema.org\",\"@graph\":[{\"@type\":\"WebPage\",\"@id\":\"https:\/\/humuspuglia.it\/?page_id=241\",\"url\":\"https:\/\/humuspuglia.it\/?page_id=241\",\"name\":\"Chi Siamo - Humus Puglia\",\"isPartOf\":{\"@id\":\"https:\/\/humuspuglia.it\/#website\"},\"datePublished\":\"2018-11-07T14:38:15+00:00\",\"dateModified\":\"2020-01-29T09:20:26+00:00\",\"breadcrumb\":{\"@id\":\"https:\/\/humuspuglia.it\/?page_id=241#breadcrumb\"},\"inLanguage\":\"it-IT\",\"potentialAction\":[{\"@type\":\"ReadAction\",\"target\":[\"https:\/\/humuspuglia.it\/?page_id=241\"]}]},{\"@type\":\"BreadcrumbList\",\"@id\":\"https:\/\/humuspuglia.it\/?page_id=241#breadcrumb\",\"itemListElement\":[{\"@type\":\"ListItem\",\"position\":1,\"name\":\"Home\",\"item\":\"https:\/\/humuspuglia.it\/\"},{\"@type\":\"ListItem\",\"position\":2,\"name\":\"Chi Siamo\"}]},{\"@type\":\"WebSite\",\"@id\":\"https:\/\/humuspuglia.it\/#website\",\"url\":\"https:\/\/humuspuglia.it\/\",\"name\":\"Humus Puglia\",\"description\":\"\",\"potentialAction\":[{\"@type\":\"SearchAction\",\"target\":{\"@type\":\"EntryPoint\",\"urlTemplate\":\"https:\/\/humuspuglia.it\/?s={search_term_string}\"},\"query-input\":\"required name=search_term_string\"}],\"inLanguage\":\"it-IT\"}]}<\/script>\n<!-- \/ Yoast SEO plugin. -->","yoast_head_json":{"title":"Chi Siamo - Humus Puglia","robots":{"index":"index","follow":"follow","max-snippet":"max-snippet:-1","max-image-preview":"max-image-preview:large","max-video-preview":"max-video-preview:-1"},"canonical":"https:\/\/humuspuglia.it\/?page_id=241","og_locale":"it_IT","og_type":"article","og_title":"Chi Siamo - Humus Puglia","og_description":"Capacit\u00e0 di monitoraggio e di verifica BIOLITALIA adotter\u00e0 una strategia di monitoraggio e verifica che sar\u00e0 accompagnata da un\u2019attenta e continua valutazione sull&#8217;andamento del progetto al fine di adottare le iniziative e i correttivi necessari per il pieno raggiungimento degli obiettivi del progetto. Tale strategia sar\u00e0 basata sull&#8217;uso d\u2019indicatori di realizzazione, di efficacia e di...","og_url":"https:\/\/humuspuglia.it\/?page_id=241","og_site_name":"Humus Puglia","article_modified_time":"2020-01-29T09:20:26+00:00","og_image":[{"url":"https:\/\/humuspuglia.it\/wp-content\/uploads\/2020\/01\/Fields_Sunrises_and_sunsets_Tractor_525805_1280x853-1024x682.jpg"}],"twitter_card":"summary_large_image","twitter_misc":{"Tempo di lettura stimato":"2 minuti"},"schema":{"@context":"https:\/\/schema.org","@graph":[{"@type":"WebPage","@id":"https:\/\/humuspuglia.it\/?page_id=241","url":"https:\/\/humuspuglia.it\/?page_id=241","name":"Chi Siamo - Humus Puglia","isPartOf":{"@id":"https:\/\/humuspuglia.it\/#website"},"datePublished":"2018-11-07T14:38:15+00:00","dateModified":"2020-01-29T09:20:26+00:00","breadcrumb":{"@id":"https:\/\/humuspuglia.it\/?page_id=241#breadcrumb"},"inLanguage":"it-IT","potentialAction":[{"@type":"ReadAction","target":["https:\/\/humuspuglia.it\/?page_id=241"]}]},{"@type":"BreadcrumbList","@id":"https:\/\/humuspuglia.it\/?page_id=241#breadcrumb","itemListElement":[{"@type":"ListItem","position":1,"name":"Home","item":"https:\/\/humuspuglia.it\/"},{"@type":"ListItem","position":2,"name":"Chi Siamo"}]},{"@type":"WebSite","@id":"https:\/\/humuspuglia.it\/#website","url":"https:\/\/humuspuglia.it\/","name":"Humus Puglia","description":"","potentialAction":[{"@type":"SearchAction","target":{"@type":"EntryPoint","urlTemplate":"https:\/\/humuspuglia.it\/?s={search_term_string}"},"query-input":"required name=search_term_string"}],"inLanguage":"it-IT"}]}},"_links":{"self":[{"href":"https:\/\/humuspuglia.it\/index.php?rest_route=\/wp\/v2\/pages\/241"}],"collection":[{"href":"https:\/\/humuspuglia.it\/index.php?rest_route=\/wp\/v2\/pages"}],"about":[{"href":"https:\/\/humuspuglia.it\/index.php?rest_route=\/wp\/v2\/types\/page"}],"author":[{"embeddable":true,"href":"https:\/\/humuspuglia.it\/index.php?rest_route=\/wp\/v2\/users\/3"}],"replies":[{"embeddable":true,"href":"https:\/\/humuspuglia.it\/index.php?rest_route=%2Fwp%2Fv2%2Fcomments&post=241"}],"version-history":[{"count":6,"href":"https:\/\/humuspuglia.it\/index.php?rest_route=\/wp\/v2\/pages\/241\/revisions"}],"predecessor-version":[{"id":14131,"href":"https:\/\/humuspuglia.it\/index.php?rest_route=\/wp\/v2\/pages\/241\/revisions\/14131"}],"wp:attachment":[{"href":"https:\/\/humuspuglia.it\/index.php?rest_route=%2Fwp%2Fv2%2Fmedia&parent=241"}],"curies":[{"name":"wp","href":"https:\/\/api.w.org\/{rel}","templated":true}]}}