{"id":14115,"date":"2020-01-28T17:47:07","date_gmt":"2020-01-28T17:47:07","guid":{"rendered":"https:\/\/humuspuglia.it\/?page_id=14115"},"modified":"2020-01-29T09:20:44","modified_gmt":"2020-01-29T09:20:44","slug":"trasformazione-degli-alimenti-e-organizzazione-delle-filiere","status":"publish","type":"page","link":"https:\/\/humuspuglia.it\/?page_id=14115","title":{"rendered":"Trasformazione degli alimenti e organizzazione delle filiere"},"content":{"rendered":"\n<h2>Introduzione<\/h2>\n\n\n\n<figure class=\"wp-block-image size-large\"><img loading=\"lazy\" width=\"749\" height=\"499\" src=\"https:\/\/humuspuglia.it\/wp-content\/uploads\/2020\/01\/ministero-stanzia-500-milioni-sostenere-filiere-agroalimentari1-749x499-1.jpg\" alt=\"\" class=\"wp-image-14117\" srcset=\"https:\/\/humuspuglia.it\/wp-content\/uploads\/2020\/01\/ministero-stanzia-500-milioni-sostenere-filiere-agroalimentari1-749x499-1.jpg 749w, https:\/\/humuspuglia.it\/wp-content\/uploads\/2020\/01\/ministero-stanzia-500-milioni-sostenere-filiere-agroalimentari1-749x499-1-300x200.jpg 300w, https:\/\/humuspuglia.it\/wp-content\/uploads\/2020\/01\/ministero-stanzia-500-milioni-sostenere-filiere-agroalimentari1-749x499-1-500x333.jpg 500w, https:\/\/humuspuglia.it\/wp-content\/uploads\/2020\/01\/ministero-stanzia-500-milioni-sostenere-filiere-agroalimentari1-749x499-1-580x386.jpg 580w\" sizes=\"(max-width: 749px) 100vw, 749px\" \/><\/figure>\n\n\n\n<p>I cambiamenti che, negli ultimi anni, hanno interessato il settore agroalimentare, hanno avuto come elemento fondamentale l\u2019evoluzione del sistema distributivo. Tale evoluzione si \u00e8 concretizzata nell\u2019introduzione e nello sviluppo di nuove tecnologie dell&#8217;informazione e nuove e pi\u00f9 efficienti forme di organizzazione di trasferimento del prodotto all\u2019interno delle differenti catene di approvvigionamento dei prodotti agroalimentari.<br>Per riuscire a comprendere tali cambiamenti \u00e8 necessario effettuare alcune riflessioni sulle differenti funzioni alle quali sono chiamati a rispondere gli agenti economici all\u2019interno delle filiere agroalimentari. Seguendo Bowersox&nbsp;<em>et alii<\/em>&nbsp;(1980), le funzioni si realizzano all\u2019interno di due ambiti distinti ma in connessione l\u2019uno rispetto all\u2019altro al fine permettere il trasferimento dei prodotti dal campo ai punti di vendita della distribuzione. Il primo ambito viene denominato \u201ccanale transazionale\u201d e comprende tutte le&nbsp;<a href=\"https:\/\/agriregionieuropa.univpm.it\/it\/glossario-pac\/operazione\">operazione<\/a>&nbsp;necessarie al raggiungimento dell\u2019accordo tra le parti e alla predisposizione del contratto: negoziazione di condizioni tecniche e previsione di operazioni di promozione, gestione di consegne di prodotto, fatturazione, ecc.. Il secondo ambito, definito \u201ccanale logistico\u201d, riguarda la movimentazione vera e propria del prodotto, dagli operatori a monte a quelli a valle: immagazzinamento, gestione&nbsp;<em>stock<\/em>&nbsp;intermedi e&nbsp;<em>stock<\/em>&nbsp;a fini speculativi, preparazione di consegne, trasporto, preparazione di ordini per i differenti punti vendita e cos\u00ec via.<br>Le attivit\u00e0 che si realizzano all&#8217;interno di questi due canali possono essere realizzate da differenti operatori. Tale separazione non solo non crea maggiori costi, ma in molti casi essi si riducono grazie alla diminuzione di costi specifici, lungo tutta la filiera, quali quelli di transazione e logistici (Serrano G\u00f3mez, 1997).<br>Il processo d\u2019innovazione, all\u2019interno della filiera agroalimentare, partendo dallo sviluppo imponente della distribuzione moderna degli ultimi trent\u2019anni, ha di fatto avuto tre tappe fondamentali, che hanno modificato sostanzialmente le relazioni fornitori &#8211; distribuzione. Questi tre momenti possono essere sintetizzati nel i) cambiamento \u201cstrutturale\u201d della distribuzione moderna attraverso il processo di centralizzazione degli acquisti; ii) riorganizzazione delle attivit\u00e0 logistiche; iii) introduzione progressiva delle tecnologie dell\u2019informazione e della comunicazione.<\/p>\n\n\n\n<h2>La centralizzazione degli acquisti<\/h2>\n\n\n\n<p>A partire dagli anni Cinquanta, la&nbsp;<a href=\"https:\/\/agriregionieuropa.univpm.it\/it\/glossario-pac\/grande-distribuzione-organizzata-gdo\">grande distribuzione<\/a>&nbsp;nordeuropea si \u00e8 posta come preoccupazione principale , da un lato, la riduzione dei costi di approvvigionamento dei beni in arrivo nei propri punti di vendita e, dall\u2019altro, quella di acquistare prodotti a prezzi sempre pi\u00f9 convenienti, a qualit\u00e0 invariata, al fine di ridurre, il pi\u00f9 possibile, i prezzi al consumo. In relazione a questo secondo obiettivo&nbsp;<strong>(1)<\/strong>, la strategia di riferimento della&nbsp;<a href=\"https:\/\/agriregionieuropa.univpm.it\/it\/glossario-pac\/grande-distribuzione-organizzata-gdo\">grande distribuzione<\/a>&nbsp;\u00e8 stata quella di assumere l\u2019idea (semplice nella filosofia ma difficile nella realizzazione) che laddove si riescano ad offrire ai consumatori prezzi di vendita bassi, si stimoli una maggiore domanda e, di conseguenza, maggiori volumi di vendita. Tutto ci\u00f2 si traduce nella migliore capacit\u00e0, da parte della distribuzione, di negoziare con i fornitori per ottenere da questi prezzi di acquisto unitari migliori da trasferire al consumatore finale.<\/p>\n","protected":false},"excerpt":{"rendered":"<p>Introduzione I cambiamenti che, negli ultimi anni, hanno interessato il settore agroalimentare, hanno avuto come elemento fondamentale l\u2019evoluzione del sistema distributivo. Tale evoluzione si \u00e8 concretizzata nell\u2019introduzione e nello sviluppo di nuove tecnologie dell&#8217;informazione e nuove e pi\u00f9 efficienti forme di organizzazione di trasferimento del prodotto all\u2019interno delle differenti catene di approvvigionamento dei prodotti agroalimentari.Per&#8230;<\/p>\n","protected":false},"author":3,"featured_media":0,"parent":0,"menu_order":0,"comment_status":"open","ping_status":"closed","template":"","meta":{"ghostkit_customizer_options":"","ghostkit_custom_css":"","ghostkit_custom_js_head":"","ghostkit_custom_js_foot":"","ghostkit_typography":"","_vp_format_video_url":"","_vp_image_focal_point":[]},"yoast_head":"<!-- This site is optimized with the Yoast SEO plugin v19.9 - https:\/\/yoast.com\/wordpress\/plugins\/seo\/ -->\n<title>Trasformazione degli alimenti e organizzazione delle filiere - Humus Puglia<\/title>\n<meta name=\"robots\" content=\"index, follow, max-snippet:-1, max-image-preview:large, max-video-preview:-1\" \/>\n<link rel=\"canonical\" href=\"https:\/\/humuspuglia.it\/?page_id=14115\" \/>\n<meta property=\"og:locale\" content=\"it_IT\" \/>\n<meta property=\"og:type\" content=\"article\" \/>\n<meta property=\"og:title\" content=\"Trasformazione degli alimenti e organizzazione delle filiere - Humus Puglia\" \/>\n<meta property=\"og:description\" content=\"Introduzione I cambiamenti che, negli ultimi anni, hanno interessato il settore agroalimentare, hanno avuto come elemento fondamentale l\u2019evoluzione del sistema distributivo. Tale evoluzione si \u00e8 concretizzata nell\u2019introduzione e nello sviluppo di nuove tecnologie dell&#8217;informazione e nuove e pi\u00f9 efficienti forme di organizzazione di trasferimento del prodotto all\u2019interno delle differenti catene di approvvigionamento dei prodotti agroalimentari.Per...\" \/>\n<meta property=\"og:url\" content=\"https:\/\/humuspuglia.it\/?page_id=14115\" \/>\n<meta property=\"og:site_name\" content=\"Humus Puglia\" \/>\n<meta property=\"article:modified_time\" content=\"2020-01-29T09:20:44+00:00\" \/>\n<meta property=\"og:image\" content=\"https:\/\/humuspuglia.it\/wp-content\/uploads\/2020\/01\/ministero-stanzia-500-milioni-sostenere-filiere-agroalimentari1-749x499-1.jpg\" \/>\n<meta name=\"twitter:card\" content=\"summary_large_image\" \/>\n<meta name=\"twitter:label1\" content=\"Tempo di lettura stimato\" \/>\n\t<meta name=\"twitter:data1\" content=\"2 minuti\" \/>\n<script type=\"application\/ld+json\" class=\"yoast-schema-graph\">{\"@context\":\"https:\/\/schema.org\",\"@graph\":[{\"@type\":\"WebPage\",\"@id\":\"https:\/\/humuspuglia.it\/?page_id=14115\",\"url\":\"https:\/\/humuspuglia.it\/?page_id=14115\",\"name\":\"Trasformazione degli alimenti e organizzazione delle filiere - Humus Puglia\",\"isPartOf\":{\"@id\":\"https:\/\/humuspuglia.it\/#website\"},\"datePublished\":\"2020-01-28T17:47:07+00:00\",\"dateModified\":\"2020-01-29T09:20:44+00:00\",\"breadcrumb\":{\"@id\":\"https:\/\/humuspuglia.it\/?page_id=14115#breadcrumb\"},\"inLanguage\":\"it-IT\",\"potentialAction\":[{\"@type\":\"ReadAction\",\"target\":[\"https:\/\/humuspuglia.it\/?page_id=14115\"]}]},{\"@type\":\"BreadcrumbList\",\"@id\":\"https:\/\/humuspuglia.it\/?page_id=14115#breadcrumb\",\"itemListElement\":[{\"@type\":\"ListItem\",\"position\":1,\"name\":\"Home\",\"item\":\"https:\/\/humuspuglia.it\/\"},{\"@type\":\"ListItem\",\"position\":2,\"name\":\"Trasformazione degli alimenti e organizzazione delle filiere\"}]},{\"@type\":\"WebSite\",\"@id\":\"https:\/\/humuspuglia.it\/#website\",\"url\":\"https:\/\/humuspuglia.it\/\",\"name\":\"Humus Puglia\",\"description\":\"\",\"potentialAction\":[{\"@type\":\"SearchAction\",\"target\":{\"@type\":\"EntryPoint\",\"urlTemplate\":\"https:\/\/humuspuglia.it\/?s={search_term_string}\"},\"query-input\":\"required name=search_term_string\"}],\"inLanguage\":\"it-IT\"}]}<\/script>\n<!-- \/ Yoast SEO plugin. -->","yoast_head_json":{"title":"Trasformazione degli alimenti e organizzazione delle filiere - Humus Puglia","robots":{"index":"index","follow":"follow","max-snippet":"max-snippet:-1","max-image-preview":"max-image-preview:large","max-video-preview":"max-video-preview:-1"},"canonical":"https:\/\/humuspuglia.it\/?page_id=14115","og_locale":"it_IT","og_type":"article","og_title":"Trasformazione degli alimenti e organizzazione delle filiere - Humus Puglia","og_description":"Introduzione I cambiamenti che, negli ultimi anni, hanno interessato il settore agroalimentare, hanno avuto come elemento fondamentale l\u2019evoluzione del sistema distributivo. Tale evoluzione si \u00e8 concretizzata nell\u2019introduzione e nello sviluppo di nuove tecnologie dell&#8217;informazione e nuove e pi\u00f9 efficienti forme di organizzazione di trasferimento del prodotto all\u2019interno delle differenti catene di approvvigionamento dei prodotti agroalimentari.Per...","og_url":"https:\/\/humuspuglia.it\/?page_id=14115","og_site_name":"Humus Puglia","article_modified_time":"2020-01-29T09:20:44+00:00","og_image":[{"url":"https:\/\/humuspuglia.it\/wp-content\/uploads\/2020\/01\/ministero-stanzia-500-milioni-sostenere-filiere-agroalimentari1-749x499-1.jpg"}],"twitter_card":"summary_large_image","twitter_misc":{"Tempo di lettura stimato":"2 minuti"},"schema":{"@context":"https:\/\/schema.org","@graph":[{"@type":"WebPage","@id":"https:\/\/humuspuglia.it\/?page_id=14115","url":"https:\/\/humuspuglia.it\/?page_id=14115","name":"Trasformazione degli alimenti e organizzazione delle filiere - Humus Puglia","isPartOf":{"@id":"https:\/\/humuspuglia.it\/#website"},"datePublished":"2020-01-28T17:47:07+00:00","dateModified":"2020-01-29T09:20:44+00:00","breadcrumb":{"@id":"https:\/\/humuspuglia.it\/?page_id=14115#breadcrumb"},"inLanguage":"it-IT","potentialAction":[{"@type":"ReadAction","target":["https:\/\/humuspuglia.it\/?page_id=14115"]}]},{"@type":"BreadcrumbList","@id":"https:\/\/humuspuglia.it\/?page_id=14115#breadcrumb","itemListElement":[{"@type":"ListItem","position":1,"name":"Home","item":"https:\/\/humuspuglia.it\/"},{"@type":"ListItem","position":2,"name":"Trasformazione degli alimenti e organizzazione delle filiere"}]},{"@type":"WebSite","@id":"https:\/\/humuspuglia.it\/#website","url":"https:\/\/humuspuglia.it\/","name":"Humus Puglia","description":"","potentialAction":[{"@type":"SearchAction","target":{"@type":"EntryPoint","urlTemplate":"https:\/\/humuspuglia.it\/?s={search_term_string}"},"query-input":"required name=search_term_string"}],"inLanguage":"it-IT"}]}},"_links":{"self":[{"href":"https:\/\/humuspuglia.it\/index.php?rest_route=\/wp\/v2\/pages\/14115"}],"collection":[{"href":"https:\/\/humuspuglia.it\/index.php?rest_route=\/wp\/v2\/pages"}],"about":[{"href":"https:\/\/humuspuglia.it\/index.php?rest_route=\/wp\/v2\/types\/page"}],"author":[{"embeddable":true,"href":"https:\/\/humuspuglia.it\/index.php?rest_route=\/wp\/v2\/users\/3"}],"replies":[{"embeddable":true,"href":"https:\/\/humuspuglia.it\/index.php?rest_route=%2Fwp%2Fv2%2Fcomments&post=14115"}],"version-history":[{"count":1,"href":"https:\/\/humuspuglia.it\/index.php?rest_route=\/wp\/v2\/pages\/14115\/revisions"}],"predecessor-version":[{"id":14118,"href":"https:\/\/humuspuglia.it\/index.php?rest_route=\/wp\/v2\/pages\/14115\/revisions\/14118"}],"wp:attachment":[{"href":"https:\/\/humuspuglia.it\/index.php?rest_route=%2Fwp%2Fv2%2Fmedia&parent=14115"}],"curies":[{"name":"wp","href":"https:\/\/api.w.org\/{rel}","templated":true}]}}