{"id":14109,"date":"2020-01-28T17:42:30","date_gmt":"2020-01-28T17:42:30","guid":{"rendered":"https:\/\/humuspuglia.it\/?page_id=14109"},"modified":"2020-01-29T09:20:49","modified_gmt":"2020-01-29T09:20:49","slug":"sistema-di-gestione-della-qualita","status":"publish","type":"page","link":"https:\/\/humuspuglia.it\/?page_id=14109","title":{"rendered":"Sistema di gestione della qualit\u00e0"},"content":{"rendered":"\n<figure class=\"wp-block-image size-large\"><img loading=\"lazy\" width=\"920\" height=\"500\" src=\"https:\/\/humuspuglia.it\/wp-content\/uploads\/2020\/01\/Agri-hero.jpg\" alt=\"\" class=\"wp-image-14111\" srcset=\"https:\/\/humuspuglia.it\/wp-content\/uploads\/2020\/01\/Agri-hero.jpg 920w, https:\/\/humuspuglia.it\/wp-content\/uploads\/2020\/01\/Agri-hero-300x163.jpg 300w, https:\/\/humuspuglia.it\/wp-content\/uploads\/2020\/01\/Agri-hero-768x417.jpg 768w, https:\/\/humuspuglia.it\/wp-content\/uploads\/2020\/01\/Agri-hero-500x272.jpg 500w, https:\/\/humuspuglia.it\/wp-content\/uploads\/2020\/01\/Agri-hero-800x435.jpg 800w, https:\/\/humuspuglia.it\/wp-content\/uploads\/2020\/01\/Agri-hero-580x315.jpg 580w, https:\/\/humuspuglia.it\/wp-content\/uploads\/2020\/01\/Agri-hero-860x467.jpg 860w\" sizes=\"(max-width: 920px) 100vw, 920px\" \/><\/figure>\n\n\n\n<p>Implementare e sviluppare un QMS \u00e8 una decisione strategica che permette alle organizzazioni di migliorare continuamente la loro performance globale e di concentrarsi sull\u2019offerta di prodotti e servizi di qualit\u00e0 costantemente elevata.<\/p>\n\n\n\n<h2>CHE COS\u2019\u00c8 UN SISTEMA DI GESTIONE DELLA QUALIT\u00c0 ISO 9001:2015?<\/h2>\n\n\n\n<p>Supportando le finalit\u00e0 di un\u2019organizzazione, un QMS ISO 9001 documenta i processi, le procedure e le responsabilit\u00e0 coinvolti nel raggiungimento di politiche e obiettivi improntati alla qualit\u00e0. Basato su otto principi di gestione della qualit\u00e0, lo standard ISO 9001:2015 definisce il modo in cui un\u2019organizzazione opera per soddisfare le richieste dei suoi clienti e dei suoi stakeholder:<\/p>\n\n\n\n<ul><li>focalizzazione sul cliente;<\/li><li>leadership;<\/li><li>coinvolgimento delle persone;<\/li><li>approccio al processo;<\/li><li>contesto organizzativo;<\/li><li>miglioramento continuo;<\/li><li>processo decisionale basato sui fatti;<\/li><li>risk-based thinking (pensiero basato sul rischio).<\/li><\/ul>\n\n\n\n<h2>QUALI SONO I BENEFICI DELLA CERTIFICAZIONE ISO 9001:2015?<\/h2>\n\n\n\n<p>La certificazione ISO 9001 aiuta le organizzazioni a sviluppare e migliorare le prestazioni, nonch\u00e9 a dimostrare elevati livelli di qualit\u00e0 del servizio durante la partecipazione alle gare d\u2019appalto. La certificazione viene ottenuta in seguito al superamento di un audit secondo lo standard ISO 9001 e permette alle organizzazioni di:<\/p>\n\n\n\n<ul><li>operare in maniera pi\u00f9 efficiente;<\/li><li>soddisfare i requisiti statutari e normativi;<\/li><li>raggiungere nuovi mercati;<\/li><li>identificare e affrontare i rischi.<\/li><\/ul>\n\n\n\n<h2>PERCH\u00c9 AFFIDARE A SGS LO SVOLGIMENTO DELL\u2019AUDIT PER LA CERTIFICAZIONE ISO 9001?<\/h2>\n\n\n\n<p>Siamo l\u2019azienda leader mondiale nel campo delle certificazioni e lavoriamo con clienti operanti praticamente in ogni settore. Un audit per la certificazione ISO 9001:2015 condotto da SGS aiuter\u00e0 la vostra organizzazione a sviluppare e migliorare le prestazioni.<\/p>\n\n\n\n<p>Oltre agli audit secondo lo standard ISO 9001, offriamo anche una gamma di servizi complementari quali:<\/p>\n\n\n\n<ul><li>corsi di formazione su ISO 9001;<\/li><li>valutazione delle carenze secondo ISO 9001, per stabilire se siate pronti a conseguire la certificazione;<\/li><li>certificazione dei sistemi di gestione integrata, con soluzioni per audit secondo criteri su misura relativi alle prestazioni in termini di qualit\u00e0;<\/li><li>soluzioni per il miglioramento dei processi.<\/li><\/ul>\n\n\n\n<p>SGS vanta una presenza globale e una storia di successi nell\u2019intraprendere e realizzare progetti internazionali complessi e su vasta scala. I nostri esperti parlano la lingua dei mercati locali, ne comprendono la cultura e operano globalmente in maniera coerente, affidabile ed efficace.<\/p>\n","protected":false},"excerpt":{"rendered":"<p>Implementare e sviluppare un QMS \u00e8 una decisione strategica che permette alle organizzazioni di migliorare continuamente la loro performance globale e di concentrarsi sull\u2019offerta di prodotti e servizi di qualit\u00e0 costantemente elevata. CHE COS\u2019\u00c8 UN SISTEMA DI GESTIONE DELLA QUALIT\u00c0 ISO 9001:2015? Supportando le finalit\u00e0 di un\u2019organizzazione, un QMS ISO 9001 documenta i processi, le&#8230;<\/p>\n","protected":false},"author":3,"featured_media":0,"parent":0,"menu_order":0,"comment_status":"open","ping_status":"closed","template":"","meta":{"ghostkit_customizer_options":"","ghostkit_custom_css":"","ghostkit_custom_js_head":"","ghostkit_custom_js_foot":"","ghostkit_typography":"","_vp_format_video_url":"","_vp_image_focal_point":[]},"yoast_head":"<!-- This site is optimized with the Yoast SEO plugin v19.9 - https:\/\/yoast.com\/wordpress\/plugins\/seo\/ -->\n<title>Sistema di gestione della qualit\u00e0 - Humus Puglia<\/title>\n<meta name=\"robots\" content=\"index, follow, max-snippet:-1, max-image-preview:large, max-video-preview:-1\" \/>\n<link rel=\"canonical\" href=\"https:\/\/humuspuglia.it\/?page_id=14109\" \/>\n<meta property=\"og:locale\" content=\"it_IT\" \/>\n<meta property=\"og:type\" content=\"article\" \/>\n<meta property=\"og:title\" content=\"Sistema di gestione della qualit\u00e0 - Humus Puglia\" \/>\n<meta property=\"og:description\" content=\"Implementare e sviluppare un QMS \u00e8 una decisione strategica che permette alle organizzazioni di migliorare continuamente la loro performance globale e di concentrarsi sull\u2019offerta di prodotti e servizi di qualit\u00e0 costantemente elevata. CHE COS\u2019\u00c8 UN SISTEMA DI GESTIONE DELLA QUALIT\u00c0 ISO 9001:2015? Supportando le finalit\u00e0 di un\u2019organizzazione, un QMS ISO 9001 documenta i processi, le...\" \/>\n<meta property=\"og:url\" content=\"https:\/\/humuspuglia.it\/?page_id=14109\" \/>\n<meta property=\"og:site_name\" content=\"Humus Puglia\" \/>\n<meta property=\"article:modified_time\" content=\"2020-01-29T09:20:49+00:00\" \/>\n<meta property=\"og:image\" content=\"https:\/\/humuspuglia.it\/wp-content\/uploads\/2020\/01\/Agri-hero.jpg\" \/>\n<meta name=\"twitter:card\" content=\"summary_large_image\" \/>\n<meta name=\"twitter:label1\" content=\"Tempo di lettura stimato\" \/>\n\t<meta name=\"twitter:data1\" content=\"2 minuti\" \/>\n<script type=\"application\/ld+json\" class=\"yoast-schema-graph\">{\"@context\":\"https:\/\/schema.org\",\"@graph\":[{\"@type\":\"WebPage\",\"@id\":\"https:\/\/humuspuglia.it\/?page_id=14109\",\"url\":\"https:\/\/humuspuglia.it\/?page_id=14109\",\"name\":\"Sistema di gestione della qualit\u00e0 - Humus Puglia\",\"isPartOf\":{\"@id\":\"https:\/\/humuspuglia.it\/#website\"},\"datePublished\":\"2020-01-28T17:42:30+00:00\",\"dateModified\":\"2020-01-29T09:20:49+00:00\",\"breadcrumb\":{\"@id\":\"https:\/\/humuspuglia.it\/?page_id=14109#breadcrumb\"},\"inLanguage\":\"it-IT\",\"potentialAction\":[{\"@type\":\"ReadAction\",\"target\":[\"https:\/\/humuspuglia.it\/?page_id=14109\"]}]},{\"@type\":\"BreadcrumbList\",\"@id\":\"https:\/\/humuspuglia.it\/?page_id=14109#breadcrumb\",\"itemListElement\":[{\"@type\":\"ListItem\",\"position\":1,\"name\":\"Home\",\"item\":\"https:\/\/humuspuglia.it\/\"},{\"@type\":\"ListItem\",\"position\":2,\"name\":\"Sistema di gestione della qualit\u00e0\"}]},{\"@type\":\"WebSite\",\"@id\":\"https:\/\/humuspuglia.it\/#website\",\"url\":\"https:\/\/humuspuglia.it\/\",\"name\":\"Humus Puglia\",\"description\":\"\",\"potentialAction\":[{\"@type\":\"SearchAction\",\"target\":{\"@type\":\"EntryPoint\",\"urlTemplate\":\"https:\/\/humuspuglia.it\/?s={search_term_string}\"},\"query-input\":\"required name=search_term_string\"}],\"inLanguage\":\"it-IT\"}]}<\/script>\n<!-- \/ Yoast SEO plugin. -->","yoast_head_json":{"title":"Sistema di gestione della qualit\u00e0 - Humus Puglia","robots":{"index":"index","follow":"follow","max-snippet":"max-snippet:-1","max-image-preview":"max-image-preview:large","max-video-preview":"max-video-preview:-1"},"canonical":"https:\/\/humuspuglia.it\/?page_id=14109","og_locale":"it_IT","og_type":"article","og_title":"Sistema di gestione della qualit\u00e0 - Humus Puglia","og_description":"Implementare e sviluppare un QMS \u00e8 una decisione strategica che permette alle organizzazioni di migliorare continuamente la loro performance globale e di concentrarsi sull\u2019offerta di prodotti e servizi di qualit\u00e0 costantemente elevata. CHE COS\u2019\u00c8 UN SISTEMA DI GESTIONE DELLA QUALIT\u00c0 ISO 9001:2015? Supportando le finalit\u00e0 di un\u2019organizzazione, un QMS ISO 9001 documenta i processi, le...","og_url":"https:\/\/humuspuglia.it\/?page_id=14109","og_site_name":"Humus Puglia","article_modified_time":"2020-01-29T09:20:49+00:00","og_image":[{"url":"https:\/\/humuspuglia.it\/wp-content\/uploads\/2020\/01\/Agri-hero.jpg"}],"twitter_card":"summary_large_image","twitter_misc":{"Tempo di lettura stimato":"2 minuti"},"schema":{"@context":"https:\/\/schema.org","@graph":[{"@type":"WebPage","@id":"https:\/\/humuspuglia.it\/?page_id=14109","url":"https:\/\/humuspuglia.it\/?page_id=14109","name":"Sistema di gestione della qualit\u00e0 - Humus Puglia","isPartOf":{"@id":"https:\/\/humuspuglia.it\/#website"},"datePublished":"2020-01-28T17:42:30+00:00","dateModified":"2020-01-29T09:20:49+00:00","breadcrumb":{"@id":"https:\/\/humuspuglia.it\/?page_id=14109#breadcrumb"},"inLanguage":"it-IT","potentialAction":[{"@type":"ReadAction","target":["https:\/\/humuspuglia.it\/?page_id=14109"]}]},{"@type":"BreadcrumbList","@id":"https:\/\/humuspuglia.it\/?page_id=14109#breadcrumb","itemListElement":[{"@type":"ListItem","position":1,"name":"Home","item":"https:\/\/humuspuglia.it\/"},{"@type":"ListItem","position":2,"name":"Sistema di gestione della qualit\u00e0"}]},{"@type":"WebSite","@id":"https:\/\/humuspuglia.it\/#website","url":"https:\/\/humuspuglia.it\/","name":"Humus Puglia","description":"","potentialAction":[{"@type":"SearchAction","target":{"@type":"EntryPoint","urlTemplate":"https:\/\/humuspuglia.it\/?s={search_term_string}"},"query-input":"required name=search_term_string"}],"inLanguage":"it-IT"}]}},"_links":{"self":[{"href":"https:\/\/humuspuglia.it\/index.php?rest_route=\/wp\/v2\/pages\/14109"}],"collection":[{"href":"https:\/\/humuspuglia.it\/index.php?rest_route=\/wp\/v2\/pages"}],"about":[{"href":"https:\/\/humuspuglia.it\/index.php?rest_route=\/wp\/v2\/types\/page"}],"author":[{"embeddable":true,"href":"https:\/\/humuspuglia.it\/index.php?rest_route=\/wp\/v2\/users\/3"}],"replies":[{"embeddable":true,"href":"https:\/\/humuspuglia.it\/index.php?rest_route=%2Fwp%2Fv2%2Fcomments&post=14109"}],"version-history":[{"count":1,"href":"https:\/\/humuspuglia.it\/index.php?rest_route=\/wp\/v2\/pages\/14109\/revisions"}],"predecessor-version":[{"id":14112,"href":"https:\/\/humuspuglia.it\/index.php?rest_route=\/wp\/v2\/pages\/14109\/revisions\/14112"}],"wp:attachment":[{"href":"https:\/\/humuspuglia.it\/index.php?rest_route=%2Fwp%2Fv2%2Fmedia&parent=14109"}],"curies":[{"name":"wp","href":"https:\/\/api.w.org\/{rel}","templated":true}]}}